{"id":1112,"date":"2024-11-12T19:15:04","date_gmt":"2024-11-12T19:15:04","guid":{"rendered":"https:\/\/www.hotel-naco.ch\/impressum\/"},"modified":"2024-11-14T13:01:05","modified_gmt":"2024-11-14T13:01:05","slug":"empreinte","status":"publish","type":"page","link":"https:\/\/www.hotel-naco.ch\/fr\/empreinte\/","title":{"rendered":"Empreinte"},"content":{"rendered":"\t\t<div data-elementor-type=\"wp-page\" data-elementor-id=\"1112\" class=\"elementor elementor-1112 elementor-594\" data-elementor-post-type=\"page\">\n\t\t\t\t<div class=\"elementor-element elementor-element-f4ce9e4 bg-grey e-flex e-con-boxed e-con e-parent\" data-id=\"f4ce9e4\" data-element_type=\"container\" data-e-type=\"container\">\n\t\t\t\t\t<div class=\"e-con-inner\">\n\t\t\t\t<div class=\"elementor-element elementor-element-e6143fd elementor-widget elementor-widget-heading\" data-id=\"e6143fd\" data-element_type=\"widget\" data-e-type=\"widget\" data-widget_type=\"heading.default\">\n\t\t\t\t<div class=\"elementor-widget-container\">\n\t\t\t\t\t<h1 class=\"elementor-heading-title elementor-size-default\">Empreinte<\/h1>\t\t\t\t<\/div>\n\t\t\t\t<\/div>\n\t\t\t\t\t<\/div>\n\t\t\t\t<\/div>\n\t\t<section class=\"elementor-element elementor-element-bdfdd49 e-flex e-con-boxed e-con e-parent\" data-id=\"bdfdd49\" data-element_type=\"container\" data-e-type=\"container\">\n\t\t\t\t\t<div class=\"e-con-inner\">\n\t\t\t\t<div class=\"elementor-element elementor-element-33228cc elementor-widget elementor-widget-text-editor\" data-id=\"33228cc\" data-element_type=\"widget\" data-e-type=\"widget\" data-widget_type=\"text-editor.default\">\n\t\t\t\t<div class=\"elementor-widget-container\">\n\t\t\t\t\t\t\t\t\t<h2>Responsable du contenu<\/h2><p>Naco Appartements, Solebad &amp; Spa<br \/>Spissstrasse 42<br \/>3920 Zermatt (CH)<\/p><p>Telefon: +41 27 967 15 44<br \/>E-Mail:\u00a0<a href=\"mailto:info@hotel-arca.ch\">info@hotel-arca.ch<\/a><\/p><h2>Conception, programmation et h\u00e9bergement<\/h2><p>Valpix GmbH<br \/>Kehrstrasse 12<br \/>3904 Naters<\/p><p>Telefon: +41 27 924 60 82<br \/>E-Mail:\u00a0<a href=\"mailto:info@valpix.ch\">\u2028info@valpix.ch<\/a><br \/>Website:\u00a0<a href=\"https:\/\/www.valpix.ch\/\" target=\"_blank\" rel=\"noopener noreferrer\">www.valpix.ch<\/a><\/p><h2>Avis de responsabilit\u00e9<\/h2><p>Le contenu de ce site est maintenu avec le plus grand soin. N\u00e9anmoins, aucune responsabilit\u00e9 n\u2019est accept\u00e9e pour le contenu. Erreurs et omissions except\u00e9es. Le contenu est prot\u00e9g\u00e9 par le droit d\u2019auteur. Nous n\u2019assumons aucune responsabilit\u00e9 pour le contenu des liens externes. Le contenu des pages li\u00e9es rel\u00e8ve de la seule responsabilit\u00e9 de leurs op\u00e9rateurs.<\/p><p>\u00a9 2024 Naco Appartements, Solebad &amp; Spa<\/p>\t\t\t\t\t\t\t\t<\/div>\n\t\t\t\t<\/div>\n\t\t\t\t\t<\/div>\n\t\t\t\t<\/section>\n\t\t\t\t<\/div>\n\t\t","protected":false},"excerpt":{"rendered":"<p>Empreinte Responsable du contenu Naco Appartements, Solebad &amp; SpaSpissstrasse 423920 Zermatt (CH) Telefon: +41 27 967 15 44E-Mail:\u00a0info@hotel-arca.ch Conception, programmation et h\u00e9bergement Valpix GmbHKehrstrasse 123904 Naters Telefon: +41 27 924 60 82E-Mail:\u00a0\u2028info@valpix.chWebsite:\u00a0www.valpix.ch Avis de responsabilit\u00e9 Le contenu de ce site est maintenu avec le plus grand soin. N\u00e9anmoins, aucune responsabilit\u00e9 n\u2019est accept\u00e9e pour le contenu. [&hellip;]<\/p>\n","protected":false},"author":1,"featured_media":0,"parent":0,"menu_order":0,"comment_status":"closed","ping_status":"closed","template":"","meta":{"_acf_changed":false,"footnotes":""},"class_list":["post-1112","page","type-page","status-publish","hentry"],"acf":[],"yoast_head":"<!-- This site is optimized with the Yoast SEO plugin v27.4 - https:\/\/yoast.com\/product\/yoast-seo-wordpress\/ -->\n<title>Empreinte - Hotel Naco Zermatt<\/title>\n<meta name=\"robots\" content=\"noindex, nofollow\" \/>\n<meta property=\"og:locale\" content=\"fr_FR\" \/>\n<meta property=\"og:type\" content=\"article\" \/>\n<meta property=\"og:title\" content=\"Empreinte - Hotel Naco Zermatt\" \/>\n<meta property=\"og:description\" content=\"Empreinte Responsable du contenu Naco Appartements, Solebad &amp; SpaSpissstrasse 423920 Zermatt (CH) Telefon: +41 27 967 15 44E-Mail:\u00a0info@hotel-arca.ch Conception, programmation et h\u00e9bergement Valpix GmbHKehrstrasse 123904 Naters Telefon: +41 27 924 60 82E-Mail:\u00a0\u2028info@valpix.chWebsite:\u00a0www.valpix.ch Avis de responsabilit\u00e9 Le contenu de ce site est maintenu avec le plus grand soin. N\u00e9anmoins, aucune responsabilit\u00e9 n\u2019est accept\u00e9e pour le contenu. [&hellip;]\" \/>\n<meta property=\"og:url\" content=\"https:\/\/www.hotel-naco.ch\/fr\/empreinte\/\" \/>\n<meta property=\"og:site_name\" content=\"Hotel Naco Zermatt\" \/>\n<meta property=\"article:modified_time\" content=\"2024-11-14T13:01:05+00:00\" \/>\n<meta name=\"twitter:card\" content=\"summary_large_image\" \/>\n<meta name=\"twitter:label1\" content=\"Dur\u00e9e de lecture estim\u00e9e\" \/>\n\t<meta name=\"twitter:data1\" content=\"1 minute\" \/>\n<script type=\"application\/ld+json\" class=\"yoast-schema-graph\">{\"@context\":\"https:\\\/\\\/schema.org\",\"@graph\":[{\"@type\":\"WebPage\",\"@id\":\"https:\\\/\\\/www.hotel-naco.ch\\\/fr\\\/empreinte\\\/\",\"url\":\"https:\\\/\\\/www.hotel-naco.ch\\\/fr\\\/empreinte\\\/\",\"name\":\"Empreinte - Hotel Naco Zermatt\",\"isPartOf\":{\"@id\":\"https:\\\/\\\/www.hotel-naco.ch\\\/#website\"},\"datePublished\":\"2024-11-12T19:15:04+00:00\",\"dateModified\":\"2024-11-14T13:01:05+00:00\",\"breadcrumb\":{\"@id\":\"https:\\\/\\\/www.hotel-naco.ch\\\/fr\\\/empreinte\\\/#breadcrumb\"},\"inLanguage\":\"fr-FR\",\"potentialAction\":[{\"@type\":\"ReadAction\",\"target\":[\"https:\\\/\\\/www.hotel-naco.ch\\\/fr\\\/empreinte\\\/\"]}]},{\"@type\":\"BreadcrumbList\",\"@id\":\"https:\\\/\\\/www.hotel-naco.ch\\\/fr\\\/empreinte\\\/#breadcrumb\",\"itemListElement\":[{\"@type\":\"ListItem\",\"position\":1,\"name\":\"Startseite\",\"item\":\"https:\\\/\\\/www.hotel-naco.ch\\\/fr\\\/\"},{\"@type\":\"ListItem\",\"position\":2,\"name\":\"Empreinte\"}]},{\"@type\":\"WebSite\",\"@id\":\"https:\\\/\\\/www.hotel-naco.ch\\\/#website\",\"url\":\"https:\\\/\\\/www.hotel-naco.ch\\\/\",\"name\":\"Hotel Naco Zermatt\",\"description\":\"\",\"publisher\":{\"@id\":\"https:\\\/\\\/www.hotel-naco.ch\\\/#organization\"},\"potentialAction\":[{\"@type\":\"SearchAction\",\"target\":{\"@type\":\"EntryPoint\",\"urlTemplate\":\"https:\\\/\\\/www.hotel-naco.ch\\\/?s={search_term_string}\"},\"query-input\":{\"@type\":\"PropertyValueSpecification\",\"valueRequired\":true,\"valueName\":\"search_term_string\"}}],\"inLanguage\":\"fr-FR\"},{\"@type\":\"Organization\",\"@id\":\"https:\\\/\\\/www.hotel-naco.ch\\\/#organization\",\"name\":\"Hotel Naco Zermatt\",\"url\":\"https:\\\/\\\/www.hotel-naco.ch\\\/\",\"logo\":{\"@type\":\"ImageObject\",\"inLanguage\":\"fr-FR\",\"@id\":\"https:\\\/\\\/www.hotel-naco.ch\\\/#\\\/schema\\\/logo\\\/image\\\/\",\"url\":\"https:\\\/\\\/www.hotel-naco.ch\\\/wp-content\\\/uploads\\\/2024\\\/11\\\/Logo-neu-website-klein-N.png\",\"contentUrl\":\"https:\\\/\\\/www.hotel-naco.ch\\\/wp-content\\\/uploads\\\/2024\\\/11\\\/Logo-neu-website-klein-N.png\",\"width\":1017,\"height\":832,\"caption\":\"Hotel Naco Zermatt\"},\"image\":{\"@id\":\"https:\\\/\\\/www.hotel-naco.ch\\\/#\\\/schema\\\/logo\\\/image\\\/\"}}]}<\/script>\n<!-- \/ Yoast SEO plugin. -->","yoast_head_json":{"title":"Empreinte - Hotel Naco Zermatt","robots":{"index":"noindex","follow":"nofollow"},"og_locale":"fr_FR","og_type":"article","og_title":"Empreinte - Hotel Naco Zermatt","og_description":"Empreinte Responsable du contenu Naco Appartements, Solebad &amp; SpaSpissstrasse 423920 Zermatt (CH) Telefon: +41 27 967 15 44E-Mail:\u00a0info@hotel-arca.ch Conception, programmation et h\u00e9bergement Valpix GmbHKehrstrasse 123904 Naters Telefon: +41 27 924 60 82E-Mail:\u00a0\u2028info@valpix.chWebsite:\u00a0www.valpix.ch Avis de responsabilit\u00e9 Le contenu de ce site est maintenu avec le plus grand soin. N\u00e9anmoins, aucune responsabilit\u00e9 n\u2019est accept\u00e9e pour le contenu. [&hellip;]","og_url":"https:\/\/www.hotel-naco.ch\/fr\/empreinte\/","og_site_name":"Hotel Naco Zermatt","article_modified_time":"2024-11-14T13:01:05+00:00","twitter_card":"summary_large_image","twitter_misc":{"Dur\u00e9e de lecture estim\u00e9e":"1 minute"},"schema":{"@context":"https:\/\/schema.org","@graph":[{"@type":"WebPage","@id":"https:\/\/www.hotel-naco.ch\/fr\/empreinte\/","url":"https:\/\/www.hotel-naco.ch\/fr\/empreinte\/","name":"Empreinte - Hotel Naco Zermatt","isPartOf":{"@id":"https:\/\/www.hotel-naco.ch\/#website"},"datePublished":"2024-11-12T19:15:04+00:00","dateModified":"2024-11-14T13:01:05+00:00","breadcrumb":{"@id":"https:\/\/www.hotel-naco.ch\/fr\/empreinte\/#breadcrumb"},"inLanguage":"fr-FR","potentialAction":[{"@type":"ReadAction","target":["https:\/\/www.hotel-naco.ch\/fr\/empreinte\/"]}]},{"@type":"BreadcrumbList","@id":"https:\/\/www.hotel-naco.ch\/fr\/empreinte\/#breadcrumb","itemListElement":[{"@type":"ListItem","position":1,"name":"Startseite","item":"https:\/\/www.hotel-naco.ch\/fr\/"},{"@type":"ListItem","position":2,"name":"Empreinte"}]},{"@type":"WebSite","@id":"https:\/\/www.hotel-naco.ch\/#website","url":"https:\/\/www.hotel-naco.ch\/","name":"Hotel Naco Zermatt","description":"","publisher":{"@id":"https:\/\/www.hotel-naco.ch\/#organization"},"potentialAction":[{"@type":"SearchAction","target":{"@type":"EntryPoint","urlTemplate":"https:\/\/www.hotel-naco.ch\/?s={search_term_string}"},"query-input":{"@type":"PropertyValueSpecification","valueRequired":true,"valueName":"search_term_string"}}],"inLanguage":"fr-FR"},{"@type":"Organization","@id":"https:\/\/www.hotel-naco.ch\/#organization","name":"Hotel Naco Zermatt","url":"https:\/\/www.hotel-naco.ch\/","logo":{"@type":"ImageObject","inLanguage":"fr-FR","@id":"https:\/\/www.hotel-naco.ch\/#\/schema\/logo\/image\/","url":"https:\/\/www.hotel-naco.ch\/wp-content\/uploads\/2024\/11\/Logo-neu-website-klein-N.png","contentUrl":"https:\/\/www.hotel-naco.ch\/wp-content\/uploads\/2024\/11\/Logo-neu-website-klein-N.png","width":1017,"height":832,"caption":"Hotel Naco Zermatt"},"image":{"@id":"https:\/\/www.hotel-naco.ch\/#\/schema\/logo\/image\/"}}]}},"_links":{"self":[{"href":"https:\/\/www.hotel-naco.ch\/fr\/wp-json\/wp\/v2\/pages\/1112","targetHints":{"allow":["GET"]}}],"collection":[{"href":"https:\/\/www.hotel-naco.ch\/fr\/wp-json\/wp\/v2\/pages"}],"about":[{"href":"https:\/\/www.hotel-naco.ch\/fr\/wp-json\/wp\/v2\/types\/page"}],"author":[{"embeddable":true,"href":"https:\/\/www.hotel-naco.ch\/fr\/wp-json\/wp\/v2\/users\/1"}],"replies":[{"embeddable":true,"href":"https:\/\/www.hotel-naco.ch\/fr\/wp-json\/wp\/v2\/comments?post=1112"}],"version-history":[{"count":5,"href":"https:\/\/www.hotel-naco.ch\/fr\/wp-json\/wp\/v2\/pages\/1112\/revisions"}],"predecessor-version":[{"id":1300,"href":"https:\/\/www.hotel-naco.ch\/fr\/wp-json\/wp\/v2\/pages\/1112\/revisions\/1300"}],"wp:attachment":[{"href":"https:\/\/www.hotel-naco.ch\/fr\/wp-json\/wp\/v2\/media?parent=1112"}],"curies":[{"name":"wp","href":"https:\/\/api.w.org\/{rel}","templated":true}]}}